{"id":392,"date":"2021-05-05T14:29:53","date_gmt":"2021-05-05T12:29:53","guid":{"rendered":"https:\/\/globaliaproteccion.com\/tienda\/?post_type=product&#038;p=392"},"modified":"2024-07-02T22:17:20","modified_gmt":"2024-07-02T20:17:20","slug":"medidor-concentracion-de-co2-panel-matrix","status":"publish","type":"product","link":"https:\/\/globaliaproteccion.com\/tienda\/producto\/medidor-concentracion-de-co2-panel-matrix\/","title":{"rendered":"Medidor concentraci\u00f3n de CO2 Panel Matrix"},"content":{"rendered":"<h2>Medidor CO2 calidad de aire Panel Matrix<\/h2>\n<h3>Medidor concentraci\u00f3n de CO2<\/h3>\n<p><strong><em>Garantiza la integridad de tus empleados o tus clientes monitorizando la calidad del aire de tu oficina<\/em><\/strong><em>, restaurante o centro de trabajo, de un modo visual, r\u00e1pido y preciso gracias a CO2PANEL MATRIX.<\/em><br \/>\n<em>CO2PANEL MATRIX es un<strong> detector de CO2 de uso y precisi\u00f3n industrial<\/strong>, pensado para su uso profesional en <strong>restaurantes, centros de ocio, aulas, salas de reuniones<\/strong> y en todos aquellas estancias donde sea conveniente vigilar el nivel del CO2 al ser esta medida un \u00edndice directamente proporcional a la <strong>posibilidad de contagio por COVID19<\/strong> u otras enfermedades causadas por pat\u00f3genos que puedan transmitirse a trav\u00e9s de aerosol.<\/em><br \/>\n<em>Utiliza un <strong>sensor NDIR para la medici\u00f3n del CO2<\/strong>. La precisi\u00f3n para la medici\u00f3n del CO2 es de +-50ppm+5% y el equipo se entrega calibrado y listo para su puesta en marcha.<\/em><br \/>\n<em>CO2Panel MATRIX incorpora conexi\u00f3n a internet via wifi, de modo que env\u00eda a la cloud de CO2Panel la informaci\u00f3n para que pueda ser consultada con posterioridad a trav\u00e9s de la web.<\/em><br \/>\n<strong><em>La instalaci\u00f3n es muy sencilla. Tan solo debe alimentarse a trav\u00e9s del adaptador de corriente de 5v que incorpora y el sistema empieza a funcionar mostrando la informaci\u00f3n del nivel CO2. <\/em><\/strong><br \/>\n<strong><em>Adem\u00e1s de informar del valor de CO2 en el ambiente, cambia el color de la pantalla (verde, amarillo y rojo) en funci\u00f3n del nivel de CO2.<\/em><\/strong><br \/>\n<em>CO2PANEL MATRIX es preciso, avanzado y robusto. No requiere de mantenimiento y esta dise\u00f1ado para una vida util superior a 5 a\u00f1os.<\/em><\/p>\n<p><a href=\"https:\/\/globaliaproteccion.com\/video\/MEDIDOR%20NIVEL%20DE%20CO2.m4v\"><img loading=\"lazy\" class=\"alignnone size-full wp-image-395\" src=\"https:\/\/globaliaproteccion.com\/tienda\/wp-content\/uploads\/2021\/05\/video-medidor-co2-panel-matrix.jpg\" alt=\"\" width=\"392\" height=\"298\" srcset=\"https:\/\/globaliaproteccion.com\/tienda\/wp-content\/uploads\/2021\/05\/video-medidor-co2-panel-matrix.jpg 392w, https:\/\/globaliaproteccion.com\/tienda\/wp-content\/uploads\/2021\/05\/video-medidor-co2-panel-matrix-300x228.jpg 300w\" sizes=\"(max-width: 392px) 100vw, 392px\" title=\"\"><\/a><\/p>\n<p>Recomendado para:<br \/>\nCentros educativos,Restaurantes, Hoteles, Oficinas, Comercios, Consultas M\u00e9dicas etc<\/p>\n<p><strong>Caracter\u00edsticas t\u00e9cnicas:<\/strong><\/p>\n<ol>\n<li><em>Sensores: CO2<\/em><\/li>\n<li><em>Precisi\u00f3n: CO2 0-5000ppm (+-50ppm). <\/em><\/li>\n<li><em>Tipo de sensor: NDIR para medici\u00f3n de CO2<\/em><\/li>\n<li><em>Tiempo de medici\u00f3n: cada 5 segundos en pantalla. Cada 5 minutos env\u00edo a servidor.<\/em><\/li>\n<li><em>Conexi\u00f3n a internet por WIFI. Integrado con CO2Panel Cloud.<strong>CO2Panel Cloud (opcional mediante subscripci\u00f3n) para que lo puedas consultar cuando quieras a trav\u00e9s del pc o el m\u00f3vil.Gratuito hasta septiembre)<\/strong><\/em><\/li>\n<li><em>Posibilidad de ver los datos posteriormente desde la web, acceso por JSON, configuraci\u00f3n de alertas o servicios IOT.<\/em><\/li>\n<li><em>Idioma: Espa\u00f1ol \/ Ingl\u00e9s \/ Gallego (configurable)<\/em><\/li>\n<li><em>Informaci\u00f3n en pantalla LED de la cantidad de CO2 en el ambiente en el momento, de las \u00faltimas 10 medidas (valor medio de CO2).<\/em><\/li>\n<li><em>Conexi\u00f3n a internet por interface WIFI<\/em><\/li>\n<li><em>Posibilidad de conexi\u00f3n con IFTTT \/ SmartThings \/ Otros a trav\u00e9s de integraci\u00f3n iOT que se puede configurar desde el panel de control<\/em><\/li>\n<li><em>Env\u00edo de emails ante un umbral de CO2 definido por el usuario <\/em><\/li>\n<li><em>Env\u00edo de mensajes al movil ante un umbral de CO2 definido por el usuario (requiere de aplicaciones de terceros)<\/em><\/li>\n<li><em>Posibilidad de actuar sobre otros sistemas ante determinados umbrales de CO2, definidos por el usuario (requiere de aplicaciones de terceros)<\/em><\/li>\n<li><em>F\u00e1cilmente integrable. Soporta descarga de datos via JSON (HTTP REQUEST)<\/em><\/li>\n<li><em>Alimentaci\u00f3n 5V &#8211; 3A (adaptador de corriente incluido).<\/em><\/li>\n<li><em>Idioma: Espa\u00f1ol<\/em><\/li>\n<li><em>Dimensiones 32cm x 16cm x 5cm<\/em><\/li>\n<li><em>Bater\u00eda incluida: no<\/em><\/li>\n<li><em>Temperatura de operaci\u00f3n: 0\u00baC &#8211; 50\u00baC<\/em><\/li>\n<li><em>Humedad de operaci\u00f3n: 0% &#8211; 85%<\/em><\/li>\n<li><em>Marcado CE<\/em><\/li>\n<\/ol>\n","protected":false},"excerpt":{"rendered":"<p>Fabricado en Espa\u00f1a<br \/>\nGarant\u00eda de 2 a\u00f1os<\/p>\n","protected":false},"featured_media":393,"comment_status":"open","ping_status":"closed","template":"","meta":[],"_links":{"self":[{"href":"https:\/\/globaliaproteccion.com\/tienda\/wp-json\/wp\/v2\/product\/392"}],"collection":[{"href":"https:\/\/globaliaproteccion.com\/tienda\/wp-json\/wp\/v2\/product"}],"about":[{"href":"https:\/\/globaliaproteccion.com\/tienda\/wp-json\/wp\/v2\/types\/product"}],"replies":[{"embeddable":true,"href":"https:\/\/globaliaproteccion.com\/tienda\/wp-json\/wp\/v2\/comments?post=392"}],"wp:featuredmedia":[{"embeddable":true,"href":"https:\/\/globaliaproteccion.com\/tienda\/wp-json\/wp\/v2\/media\/393"}],"wp:attachment":[{"href":"https:\/\/globaliaproteccion.com\/tienda\/wp-json\/wp\/v2\/media?parent=392"}],"curies":[{"name":"wp","href":"https:\/\/api.w.org\/{rel}","templated":true}]}}