{"id":373,"date":"2021-05-03T18:24:01","date_gmt":"2021-05-03T16:24:01","guid":{"rendered":"https:\/\/globaliaproteccion.com\/tienda\/?post_type=product&#038;p=373"},"modified":"2021-12-10T10:52:41","modified_gmt":"2021-12-10T09:52:41","slug":"medidor-concentracion-de-co2-doble-canal-ndir","status":"publish","type":"product","link":"https:\/\/globaliaproteccion.com\/tienda\/producto\/medidor-concentracion-de-co2-doble-canal-ndir\/","title":{"rendered":"Medidor concentraci\u00f3n de CO2 doble canal NDIR"},"content":{"rendered":"<h2>Medidor CO2 calidad de aire IOPTH-2<\/h2>\n<h3>Medidor de CO2 + temperatura + humedad<\/h3>\n<p>El medidor IONA IOPTH2 est\u00e1 dise\u00f1ado para espacios p\u00fablicos. Muestra la calidad del aire con precisi\u00f3n.<\/p>\n<p>Caracter\u00edsticas:<br \/>\n1. Medici\u00f3n de CO2 hasta 5000 ppm<br \/>\n2. Sonda CO2 Tecnolog\u00eda NDIR (sensor de infrarrojo no dispersivo) de doble canal<br \/>\n3. Iconos que cambian de color (verde, \u00e1mbar, rojo) para saber la calidad del aire de forma visual<br \/>\n4. Altura del d\u00edgito que indica la concentraci\u00f3n de CO2 de 25mm<br \/>\n5. La lectura d\u00edgito CO2 se puede ver hasta 5 metros de distancia<br \/>\n6. Pantalla LCD de 2,8\u201d<br \/>\n7. Estructura del medidor met\u00e1lica de gran calidad<br \/>\n8. Calibraci\u00f3n manual de los m\u00e1rgenes de la medici\u00f3n<br \/>\n9. Fabricado en Espa\u00f1a<br \/>\n10. Garant\u00eda :3 a\u00f1os.<\/p>\n<p>Recomendado para:<br \/>\nRestaurantes, Hoteles, Oficinas, Comercios, Consultas M\u00e9dicas etc<\/p>\n<p>Hasta 800 ppm CO2 : verde<br \/>\nEntre 801 y 1000 ppm CO2 : naranja<br \/>\nMas de 1001 ppm CO2 : rojo<br \/>\nEn verde nivel seguro<br \/>\nEn naranja se aconseja ventilar el local<br \/>\nEn rojo es obligada la ventilaci\u00f3n del local hasta retornar al verde<\/p>\n<p>Sonda CO2 :NDIR doble canal<br \/>\nTiempo inicial<br \/>\nde estabilizaci\u00f3n :20 minutos<br \/>\nDisplay :LCD 2.8\u201d (320&#215;240 pixels)<br \/>\nMaterial :Metal + ABS<br \/>\nTama\u00f1o :145*78*97.2 mm<br \/>\nPeso :600g<br \/>\nColor :Negro<br \/>\nAlimentaci\u00f3n USB :5VDC @ 500mA<br \/>\nAlmacenaje :-10\u00ba a +60\u00ba<\/p>\n<p>Rango medida CO2 400-5000ppm<br \/>\n\u00baC -10\u00ba a +50\u00ba<br \/>\nHR 20% a 85%<br \/>\nPrecisi\u00f3n CO2 \u00b180ppm o 5%vm<br \/>\n\u00baC \u00b10.4\u00ba<br \/>\nHR \u00b14% @ 25\u00baC<br \/>\nTiempo respuesta:<br \/>\nCO2 20s<br \/>\nTemperatura \u00baC 2s<br \/>\nHumedad HR 8s<br \/>\nDeriva t\u00e9rmica CO2 \u00b13ppm\/\u00baC (0-50\u00baC)<\/p>\n","protected":false},"excerpt":{"rendered":"<p class=\"product_title entry-title\">Garant\u00eda de 3 a\u00f1os.<\/p>\n","protected":false},"featured_media":374,"comment_status":"open","ping_status":"closed","template":"","meta":[],"_links":{"self":[{"href":"https:\/\/globaliaproteccion.com\/tienda\/wp-json\/wp\/v2\/product\/373"}],"collection":[{"href":"https:\/\/globaliaproteccion.com\/tienda\/wp-json\/wp\/v2\/product"}],"about":[{"href":"https:\/\/globaliaproteccion.com\/tienda\/wp-json\/wp\/v2\/types\/product"}],"replies":[{"embeddable":true,"href":"https:\/\/globaliaproteccion.com\/tienda\/wp-json\/wp\/v2\/comments?post=373"}],"wp:featuredmedia":[{"embeddable":true,"href":"https:\/\/globaliaproteccion.com\/tienda\/wp-json\/wp\/v2\/media\/374"}],"wp:attachment":[{"href":"https:\/\/globaliaproteccion.com\/tienda\/wp-json\/wp\/v2\/media?parent=373"}],"curies":[{"name":"wp","href":"https:\/\/api.w.org\/{rel}","templated":true}]}}