{"id":364,"date":"2021-03-08T21:56:53","date_gmt":"2021-03-08T20:56:53","guid":{"rendered":"https:\/\/globaliaproteccion.com\/tienda\/?post_type=product&#038;p=364"},"modified":"2021-03-08T22:49:39","modified_gmt":"2021-03-08T21:49:39","slug":"esterilizador-de-aire-ultravioleta-uv-c-para-techos-falsos","status":"publish","type":"product","link":"https:\/\/globaliaproteccion.com\/tienda\/producto\/esterilizador-de-aire-ultravioleta-uv-c-para-techos-falsos\/","title":{"rendered":"Esterilizador de aire ultravioleta UV-C para techos \/ falsos"},"content":{"rendered":"<h4><span contenteditable=\"true\" data-novi-id=\"20\" data-x-text=\"true\" data-x-id=\"150\">Esterilizador por ultravioleta seguro de c\u00e1mara cerrada para los techos<br \/>\n<\/span><\/h4>\n<p><span contenteditable=\"true\" data-novi-id=\"20\" data-x-text=\"true\" data-x-id=\"150\">Esterilizador por ultravioleta fabricado en Europa<\/span><br data-x-id=\"151\" \/>Vida \u00fatil l\u00e1mpara 9000h Radiaci\u00f3n: 253,7 nm de longitud de onda UV-C<br data-x-id=\"153\" \/>Superficie recomendada 20\/25 m2<br data-x-id=\"154\" \/>Modelo 55w con luminaria LED 40W<br data-x-id=\"155\" \/>Caudal aire: 125 m3 \/ h<br data-x-id=\"156\" \/>Modelos de superficie o para\u00a0falso techo<br data-x-id=\"157\" \/>Contador de tiempo en todos los modelos<br data-x-id=\"158\" \/>Estructura de aluminio pintado blanco al polvo<br data-x-id=\"159\" \/>Opci\u00f3n mando a distancia<br data-x-id=\"160\" \/>Dimensiones 595 x 595 x 100 mm<\/p>\n<p>El modelo de superficie, se atornilla en cualquier techo, tiene una carcasa de unos 10 cm de alto.<br \/>\nEl modelo para techos falsos tiene las dimensiones est\u00e1ndar de las placas de techo, se instala en lugar de las placas.<br \/>\nAccionamiento mediante interruptor o mediante mando a distancia opcional<\/p>\n<p>Dispone de los certificados de seguridad<br \/>\n<img loading=\"lazy\" class=\"alignnone size-full wp-image-370\" src=\"https:\/\/globaliaproteccion.com\/tienda\/wp-content\/uploads\/2021\/03\/plafones-techo-falso-desinfeccion-ultravioleta-570x570-1.jpg\" alt=\"\" width=\"570\" height=\"570\" srcset=\"https:\/\/globaliaproteccion.com\/tienda\/wp-content\/uploads\/2021\/03\/plafones-techo-falso-desinfeccion-ultravioleta-570x570-1.jpg 570w, https:\/\/globaliaproteccion.com\/tienda\/wp-content\/uploads\/2021\/03\/plafones-techo-falso-desinfeccion-ultravioleta-570x570-1-300x300.jpg 300w, https:\/\/globaliaproteccion.com\/tienda\/wp-content\/uploads\/2021\/03\/plafones-techo-falso-desinfeccion-ultravioleta-570x570-1-150x150.jpg 150w, https:\/\/globaliaproteccion.com\/tienda\/wp-content\/uploads\/2021\/03\/plafones-techo-falso-desinfeccion-ultravioleta-570x570-1-324x324.jpg 324w, https:\/\/globaliaproteccion.com\/tienda\/wp-content\/uploads\/2021\/03\/plafones-techo-falso-desinfeccion-ultravioleta-570x570-1-416x416.jpg 416w, https:\/\/globaliaproteccion.com\/tienda\/wp-content\/uploads\/2021\/03\/plafones-techo-falso-desinfeccion-ultravioleta-570x570-1-100x100.jpg 100w\" sizes=\"(max-width: 570px) 100vw, 570px\" title=\"\"><\/p>\n<p>Un m\u00e9todo seguro y eficaz para eliminar microorganismos pat\u00f3genos.<\/p>\n<p>La construcci\u00f3n del esterilizador de aire de c\u00e1mara cerrada se distingue por un di\u00e1metro de los canales calculado con precisi\u00f3n y un flujo de aire adecuadamente seleccionado y adaptado a la potencia de las l\u00e1mparas, gracias a lo cual mata eficazmente los microorganismos pat\u00f3genos, los microorganismos: bacterias, virus, hongos. A\u00f1os de experiencia y numerosos estudios cient\u00edficos demuestran la eficacia de la esterilizaci\u00f3n por ultravioleta. Las l\u00e1mparas utilizadas en el esterilizador de aire de c\u00e1mara cerrada emiten en la banda de 100 a 230 nm y, por lo tanto, no emiten ozono. Lo que le permite permanecer en las estancias durante la esterilizaci\u00f3n. El dispositivo est\u00e1 equipado con un filtro de carb\u00f3n autodesinfectante que limpia el aire de compuestos org\u00e1nicos vol\u00e1tiles y olores.<\/p>\n<p>La radiaci\u00f3n ultravioleta se ha utilizado con \u00e9xito durante a\u00f1os para desinfectar superficies, herramientas y estancias. Gracias a la longitud de onda adecuada, es posible esterilizar el aire de forma continua sin salir de la estancia. En condiciones naturales, la radiaci\u00f3n UV-C no llega a la Tierra porque es absorbida por la atm\u00f3sfera. Se obtienen gracias al uso de l\u00e1mparas especiales que emiten la longitud de haz adecuada.<\/p>\n<p>BENEFICIOS<\/p>\n<ul>\n<li>destruye eficazmente bacterias y virus<\/li>\n<li>tiene un dise\u00f1o limpio y es movible<\/li>\n<li>es energ\u00e9ticamente eficiente<\/li>\n<li>tiene filtro de carb\u00f3n activo<\/li>\n<li>aumenta la sensaci\u00f3n de seguridad<\/li>\n<li>equipado con l\u00e1mparas UV-C de la marca Philips<\/li>\n<\/ul>\n<p><span class=\"tlid-translation translation\" lang=\"es\"><span title=\"\">Pueden ver el video de demostraci\u00f3n de la esterilizaci\u00f3n por ultravioleta UV-C:<\/span><\/span><\/p>\n<p><a href=\"https:\/\/globaliaproteccion.com\/video\/esterilizacion-coronavirus-ultravioleta-globalia-proteccion.mp4\" target=\"_blank\" rel=\"noopener noreferrer\"><img loading=\"lazy\" class=\"size-full wp-image-242\" src=\"https:\/\/globaliaproteccion.com\/tienda\/wp-content\/uploads\/2020\/11\/neutralizacion-coronavirus-camara-cerrada-ultravioleta.jpg\" alt=\"esterilizaci\u00f3n por ultravioleta UVC\" width=\"570\" height=\"379\" srcset=\"https:\/\/globaliaproteccion.com\/tienda\/wp-content\/uploads\/2020\/11\/neutralizacion-coronavirus-camara-cerrada-ultravioleta.jpg 570w, https:\/\/globaliaproteccion.com\/tienda\/wp-content\/uploads\/2020\/11\/neutralizacion-coronavirus-camara-cerrada-ultravioleta-300x199.jpg 300w, https:\/\/globaliaproteccion.com\/tienda\/wp-content\/uploads\/2020\/11\/neutralizacion-coronavirus-camara-cerrada-ultravioleta-416x277.jpg 416w\" sizes=\"(max-width: 570px) 100vw, 570px\" title=\"\"><\/a><\/p>\n<p>&nbsp;<\/p>\n<p>&nbsp;<\/p>\n","protected":false},"excerpt":{"rendered":"<p class=\"product_title entry-title\">Fabricado en EUROPA, garant\u00eda de 2 a\u00f1os.<\/p>\n<p class=\"product_title entry-title\"><span style=\"color: #ff0000;\">Con certificaci\u00f3n para usos en presencia de gente.<br \/>\n<\/span><\/p>\n","protected":false},"featured_media":365,"comment_status":"open","ping_status":"closed","template":"","meta":[],"_links":{"self":[{"href":"https:\/\/globaliaproteccion.com\/tienda\/wp-json\/wp\/v2\/product\/364"}],"collection":[{"href":"https:\/\/globaliaproteccion.com\/tienda\/wp-json\/wp\/v2\/product"}],"about":[{"href":"https:\/\/globaliaproteccion.com\/tienda\/wp-json\/wp\/v2\/types\/product"}],"replies":[{"embeddable":true,"href":"https:\/\/globaliaproteccion.com\/tienda\/wp-json\/wp\/v2\/comments?post=364"}],"wp:featuredmedia":[{"embeddable":true,"href":"https:\/\/globaliaproteccion.com\/tienda\/wp-json\/wp\/v2\/media\/365"}],"wp:attachment":[{"href":"https:\/\/globaliaproteccion.com\/tienda\/wp-json\/wp\/v2\/media?parent=364"}],"curies":[{"name":"wp","href":"https:\/\/api.w.org\/{rel}","templated":true}]}}