{"id":352,"date":"2021-03-04T19:50:37","date_gmt":"2021-03-04T18:50:37","guid":{"rendered":"https:\/\/globaliaproteccion.com\/tienda\/?post_type=product&#038;p=352"},"modified":"2021-03-21T22:32:00","modified_gmt":"2021-03-21T21:32:00","slug":"medidor-de-co2-y-temperatura-con-tecnologia-ndir","status":"publish","type":"product","link":"https:\/\/globaliaproteccion.com\/tienda\/producto\/medidor-de-co2-y-temperatura-con-tecnologia-ndir\/","title":{"rendered":"Medidor de CO2 y temperatura con tecnolog\u00eda NDIR"},"content":{"rendered":"<h2>Medidor CO2 calidad de aire<\/h2>\n<h3>Medidor de CO2 + temperatura<\/h3>\n<p><img loading=\"lazy\" class=\"alignnone size-full wp-image-358\" src=\"https:\/\/globaliaproteccion.com\/tienda\/wp-content\/uploads\/2021\/03\/medidor-co2-calidad-del-aire-cubo-globaliaproteccion.jpg\" alt=\"\" width=\"900\" height=\"495\" srcset=\"https:\/\/globaliaproteccion.com\/tienda\/wp-content\/uploads\/2021\/03\/medidor-co2-calidad-del-aire-cubo-globaliaproteccion.jpg 900w, https:\/\/globaliaproteccion.com\/tienda\/wp-content\/uploads\/2021\/03\/medidor-co2-calidad-del-aire-cubo-globaliaproteccion-300x165.jpg 300w, https:\/\/globaliaproteccion.com\/tienda\/wp-content\/uploads\/2021\/03\/medidor-co2-calidad-del-aire-cubo-globaliaproteccion-768x422.jpg 768w, https:\/\/globaliaproteccion.com\/tienda\/wp-content\/uploads\/2021\/03\/medidor-co2-calidad-del-aire-cubo-globaliaproteccion-416x229.jpg 416w\" sizes=\"(max-width: 900px) 100vw, 900px\" title=\"\"><\/p>\n<p><span data-novi-id=\"33\">Medidor de CO2 +\u00a0temperatura. Fabricado en Valencia<\/span><\/p>\n<p>Pr\u00e1ctico medidor de la calidad del aire para espacios p\u00fablicos o privados. Muestra la concentraci\u00f3n de CO2 tanto num\u00e9ricamente como visualmente con colores.<\/p>\n<p>Color Verde: Nivel \u00f3ptimo<br \/>\nColor Naranja: Nivel precauci\u00f3n<br \/>\nColor Rojo: Nivel peligroso<\/p>\n<p>Caracter\u00edsticas:<br \/>\n1-Mide tanto CO2 como temperatura<br \/>\n2. Sonda CO2 Tecnolog\u00eda NDIR (sensor de infrarrojo no dispersivo)<br \/>\n3. Display LCD en el mismo dispositivo<br \/>\n4. Rango medici\u00f3n CO2\u00a0de 400 a 5000 PPM<br \/>\n5. Rango de medici\u00f3n de temperatura de -10 a 70\u00baC<br \/>\n6. Conexi\u00f3n WIFI IEEE 802.11 b\/g\/n 2.4 Ghz con soporte de autentificaci\u00f3n WEP y WPA\/WPA2<br \/>\n7. \u00a0Aplicaci\u00f3n PREMIUM muy completa tanto para IOS como ANDROID<br \/>\n8. Posibilidad de mostrar los datos en un panel de TV<br \/>\n9. Control desde un m\u00f3vil de varios sensores para diferentes estancias<br \/>\n10. Dimensiones: 120x90x90 mm<br \/>\n11. Peso:\u00a0160 gr.<\/p>\n<p><span data-novi-id=\"34\">\u00bfQu\u00e9 incluye este\u00a0medidor CO2?<br \/>\n&#8211; Cubo de metacrilato con sensor NDIR CO2<br \/>\n&#8211;\u00a0Sonda de temperatura interior<br \/>\n&#8211; Fuente de alimentaci\u00f3n DC5V 1A\/220V<br \/>\n&#8211;\u00a0Pantalla LCD en el cubo<br \/>\n&#8211; Licencia de 1 a\u00f1o para la APP<\/span><\/p>\n<p>Recomendado para:<br \/>\nColegios,\u00a0Guarder\u00edas,\u00a0Restaurantes, Hoteles, Oficinas, Comercios, Consultas M\u00e9dicas etc<\/p>\n<p><img loading=\"lazy\" class=\"size-full wp-image-353\" src=\"https:\/\/globaliaproteccion.com\/tienda\/wp-content\/uploads\/2021\/03\/cubo-medidor-co2-calidad-aire-colores.gif\" alt=\"\" width=\"720\" height=\"720\" title=\"\"><\/p>\n<p><img loading=\"lazy\" class=\"alignnone size-full wp-image-359\" src=\"https:\/\/globaliaproteccion.com\/tienda\/wp-content\/uploads\/2021\/03\/fabricado-en-valencia.jpg\" alt=\"\" width=\"570\" height=\"385\" srcset=\"https:\/\/globaliaproteccion.com\/tienda\/wp-content\/uploads\/2021\/03\/fabricado-en-valencia.jpg 570w, https:\/\/globaliaproteccion.com\/tienda\/wp-content\/uploads\/2021\/03\/fabricado-en-valencia-300x203.jpg 300w, https:\/\/globaliaproteccion.com\/tienda\/wp-content\/uploads\/2021\/03\/fabricado-en-valencia-416x281.jpg 416w\" sizes=\"(max-width: 570px) 100vw, 570px\" title=\"\"><\/p>\n","protected":false},"excerpt":{"rendered":"<p class=\"product_title entry-title\">Garant\u00eda de 2 a\u00f1os. Fabricado en Valencia<\/p>\n","protected":false},"featured_media":360,"comment_status":"open","ping_status":"closed","template":"","meta":[],"_links":{"self":[{"href":"https:\/\/globaliaproteccion.com\/tienda\/wp-json\/wp\/v2\/product\/352"}],"collection":[{"href":"https:\/\/globaliaproteccion.com\/tienda\/wp-json\/wp\/v2\/product"}],"about":[{"href":"https:\/\/globaliaproteccion.com\/tienda\/wp-json\/wp\/v2\/types\/product"}],"replies":[{"embeddable":true,"href":"https:\/\/globaliaproteccion.com\/tienda\/wp-json\/wp\/v2\/comments?post=352"}],"wp:featuredmedia":[{"embeddable":true,"href":"https:\/\/globaliaproteccion.com\/tienda\/wp-json\/wp\/v2\/media\/360"}],"wp:attachment":[{"href":"https:\/\/globaliaproteccion.com\/tienda\/wp-json\/wp\/v2\/media?parent=352"}],"curies":[{"name":"wp","href":"https:\/\/api.w.org\/{rel}","templated":true}]}}