{"id":325,"date":"2020-11-29T20:39:17","date_gmt":"2020-11-29T19:39:17","guid":{"rendered":"https:\/\/globaliaproteccion.com\/tienda\/?post_type=product&#038;p=325"},"modified":"2025-04-12T01:39:54","modified_gmt":"2025-04-11T23:39:54","slug":"esterilizador-de-aire-ultravioleta-uv-c-camara-cerrada-ma-uvc30-acero-para-20m2","status":"publish","type":"product","link":"https:\/\/globaliaproteccion.com\/tienda\/producto\/esterilizador-de-aire-ultravioleta-uv-c-camara-cerrada-ma-uvc30-acero-para-20m2\/","title":{"rendered":"Esterilizador de aire ultravioleta UV-C c\u00e1mara cerrada MA-UVC30 acero para 20m2"},"content":{"rendered":"<h4><span contenteditable=\"true\" data-novi-id=\"20\" data-x-text=\"true\" data-x-id=\"150\">Esterilizador por ultravioleta seguro de c\u00e1mara cerrada<\/span><\/h4>\n<p><span contenteditable=\"true\" data-novi-id=\"20\" data-x-text=\"true\" data-x-id=\"150\">Esterilizador por ultravioleta fabricado en Europa<\/span><br data-x-id=\"151\" \/>Potencia del dispositivo: 32 W.\u00a0<br data-x-id=\"152\" \/>Potencia l\u00e1mpara UV-C: 32 W (2&#215;16 W)\u00a0<br data-x-id=\"153\" \/>Emisores PHILIPS TUV 15W \/ G15 T8\u00a0<br data-x-id=\"154\" \/>Vida \u00fatil l\u00e1mpara 9000h Radiaci\u00f3n: 253,7 nm de longitud de onda UV-C\u00a0<br data-x-id=\"155\" \/>Contador de tiempo de funcionamiento de las l\u00e1mparas<br data-x-id=\"156\" \/>Caudal aire:160 m3 \/ h\u00a0<br data-x-id=\"157\" \/>Superficie recomendada 20 m2\u00a0<br data-x-id=\"158\" \/>Protecci\u00f3n contra la apertura y la fuga de radiaci\u00f3n UV-C\u00a0<br data-x-id=\"160\" \/>Equipado con ruedas de serie. <br data-x-id=\"161\" \/>Dimensiones 85x 30 x 30 cm <br data-x-id=\"161\" \/>Peso 15 Kg.<\/p>\n<p>Dispone de los certificados de seguridad<\/p>\n<p>Un m\u00e9todo seguro y eficaz para eliminar microorganismos pat\u00f3genos.<\/p>\n<p>La construcci\u00f3n del esterilizador de aire de c\u00e1mara cerrada se distingue por un di\u00e1metro de los canales calculado con precisi\u00f3n y un flujo de aire adecuadamente seleccionado y adaptado a la potencia de las l\u00e1mparas, gracias a lo cual mata eficazmente los microorganismos pat\u00f3genos, los microorganismos: bacterias, virus, hongos. A\u00f1os de experiencia y numerosos estudios cient\u00edficos demuestran la eficacia de la esterilizaci\u00f3n por ultravioleta. Las l\u00e1mparas utilizadas en el esterilizador de aire de c\u00e1mara cerrada emiten en la banda de 100 a 230 nm y, por lo tanto, no emiten ozono. Lo que le permite permanecer en las estancias durante la esterilizaci\u00f3n. El dispositivo est\u00e1 equipado con un filtro de carb\u00f3n autodesinfectante que limpia el aire de compuestos org\u00e1nicos vol\u00e1tiles y olores.<\/p>\n<p>La radiaci\u00f3n ultravioleta se ha utilizado con \u00e9xito durante a\u00f1os para desinfectar superficies, herramientas y estancias. Gracias a la longitud de onda adecuada, es posible esterilizar el aire de forma continua sin salir de la estancia. En condiciones naturales, la radiaci\u00f3n UV-C no llega a la Tierra porque es absorbida por la atm\u00f3sfera. Se obtienen gracias al uso de l\u00e1mparas especiales que emiten la longitud de haz adecuada.<\/p>\n<p>BENEFICIOS<\/p>\n<ul>\n<li>destruye eficazmente bacterias y virus<\/li>\n<li>tiene un dise\u00f1o limpio y es movible<\/li>\n<li>es energ\u00e9ticamente eficiente<\/li>\n<li>tiene filtro de carb\u00f3n activo<\/li>\n<li>aumenta la sensaci\u00f3n de seguridad<\/li>\n<li>equipado con l\u00e1mparas UV-C de la marca Philips<\/li>\n<\/ul>\n<p><span class=\"tlid-translation translation\" lang=\"es\"><span title=\"\">Pueden ver el video de demostraci\u00f3n de la esterilizaci\u00f3n por ultravioleta UV-C:<\/span><\/span><\/p>\n<p><a href=\"https:\/\/globaliaproteccion.com\/video\/esterilizacion-coronavirus-ultravioleta-globalia-proteccion.mp4\" target=\"_blank\" rel=\"noopener noreferrer\"><img loading=\"lazy\" class=\"size-full wp-image-242\" src=\"https:\/\/globaliaproteccion.com\/tienda\/wp-content\/uploads\/2020\/11\/neutralizacion-coronavirus-camara-cerrada-ultravioleta.jpg\" alt=\"esterilizaci\u00f3n por ultravioleta UVC\" width=\"570\" height=\"379\" srcset=\"https:\/\/globaliaproteccion.com\/tienda\/wp-content\/uploads\/2020\/11\/neutralizacion-coronavirus-camara-cerrada-ultravioleta.jpg 570w, https:\/\/globaliaproteccion.com\/tienda\/wp-content\/uploads\/2020\/11\/neutralizacion-coronavirus-camara-cerrada-ultravioleta-300x199.jpg 300w, https:\/\/globaliaproteccion.com\/tienda\/wp-content\/uploads\/2020\/11\/neutralizacion-coronavirus-camara-cerrada-ultravioleta-416x277.jpg 416w\" sizes=\"(max-width: 570px) 100vw, 570px\" title=\"\"><\/a><\/p>\n<p>&nbsp;<\/p>\n<p>&nbsp;<\/p>\n","protected":false},"excerpt":{"rendered":"<p class=\"product_title entry-title\">Fabricado en EUROPA, garant\u00eda de 2 a\u00f1os.<\/p>\n<p class=\"product_title entry-title\"><span style=\"color: #ff0000;\">Con certificaci\u00f3n para usos en presencia de gente.<br \/>\n<\/span><\/p>\n","protected":false},"featured_media":322,"comment_status":"open","ping_status":"closed","template":"","meta":[],"_links":{"self":[{"href":"https:\/\/globaliaproteccion.com\/tienda\/wp-json\/wp\/v2\/product\/325"}],"collection":[{"href":"https:\/\/globaliaproteccion.com\/tienda\/wp-json\/wp\/v2\/product"}],"about":[{"href":"https:\/\/globaliaproteccion.com\/tienda\/wp-json\/wp\/v2\/types\/product"}],"replies":[{"embeddable":true,"href":"https:\/\/globaliaproteccion.com\/tienda\/wp-json\/wp\/v2\/comments?post=325"}],"wp:featuredmedia":[{"embeddable":true,"href":"https:\/\/globaliaproteccion.com\/tienda\/wp-json\/wp\/v2\/media\/322"}],"wp:attachment":[{"href":"https:\/\/globaliaproteccion.com\/tienda\/wp-json\/wp\/v2\/media?parent=325"}],"curies":[{"name":"wp","href":"https:\/\/api.w.org\/{rel}","templated":true}]}}