{"id":274,"date":"2020-11-09T00:19:30","date_gmt":"2020-11-08T23:19:30","guid":{"rendered":"https:\/\/globaliaproteccion.com\/tienda\/?post_type=product&#038;p=274"},"modified":"2020-11-29T20:15:15","modified_gmt":"2020-11-29T19:15:15","slug":"esterilizador-de-aire-ultravioleta-uv-c-rhode-room-70-camara-cerrada-20m2","status":"publish","type":"product","link":"https:\/\/globaliaproteccion.com\/tienda\/producto\/esterilizador-de-aire-ultravioleta-uv-c-rhode-room-70-camara-cerrada-20m2\/","title":{"rendered":"Esterilizador de aire ultravioleta UV-C Rhode Room 70 c\u00e1mara cerrada 20m2"},"content":{"rendered":"<h4><span contenteditable=\"true\" data-novi-id=\"20\" data-x-text=\"true\" data-x-id=\"150\">Esterilizador por ultravioleta seguro de c\u00e1mara cerrada<br \/>\n<\/span><\/h4>\n<p><span contenteditable=\"true\" data-novi-id=\"20\" data-x-text=\"true\" data-x-id=\"258\">Fabricante europeo\u00a0de equipamientos m\u00e9dicos<\/span><br data-x-id=\"259\" \/>Un esterilizador compacto para viviendas, peque\u00f1os locales, aulas.\u00a0<br data-x-id=\"260\" \/>Destruye de manera eficiente los microbios que amenazan la vida y la salud del hogar.\u00a0<br data-x-id=\"261\" \/>Dise\u00f1ado para salas con una superficie de hasta 20 m2, en las que se habita todo el d\u00eda.\u00a0<br data-x-id=\"262\" \/>El ventilador es extremadamente silencioso y no interfiere en la actividad cotidiana.<br data-x-id=\"263\" \/>Potencia l\u00e1mparas ultravioleta\u00a02&#215;36 watios<br data-x-id=\"264\" \/>Superficie recomendada 60 m2<br data-x-id=\"265\" \/>Caudal de aire 145\u00a0m3\/h<br data-x-id=\"266\" \/>Dimensiones equipo 250 x 130 x 660 mm<br data-x-id=\"267\" \/>Peso 10 Kg<br data-x-id=\"268\" \/><span contenteditable=\"true\" data-novi-id=\"18\" data-x-text=\"true\" data-x-id=\"269\">Dispone de certificados para uso en espqacios hospitalarios<br data-x-id=\"270\" \/>Cada unidad recibe un certificado personalizado despu\u00e9s de un exhaustivo test<\/span><\/p>\n<p>Un m\u00e9todo seguro y eficaz para eliminar microorganismos pat\u00f3genos.<\/p>\n<p>La construcci\u00f3n del esterilizador de aire de c\u00e1mara cerrada se distingue por un di\u00e1metro de los canales calculado con precisi\u00f3n y un flujo de aire adecuadamente seleccionado y adaptado a la potencia de las l\u00e1mparas, gracias a lo cual mata eficazmente los microorganismos pat\u00f3genos, los microorganismos: bacterias, virus, hongos. A\u00f1os de experiencia y numerosos estudios cient\u00edficos demuestran la eficacia de la esterilizaci\u00f3n por ultravioleta. Las l\u00e1mparas utilizadas en el esterilizador de aire de c\u00e1mara cerrada emiten en la banda de 100 a 230 nm y, por lo tanto, no emiten ozono. Lo que le permite permanecer en las estancias durante la esterilizaci\u00f3n. El dispositivo est\u00e1 equipado con un filtro de carb\u00f3n autodesinfectante que limpia el aire de compuestos org\u00e1nicos vol\u00e1tiles y olores.<\/p>\n<p>La radiaci\u00f3n ultravioleta se ha utilizado con \u00e9xito durante a\u00f1os para desinfectar superficies, herramientas y estancias. Gracias a la longitud de onda adecuada, es posible esterilizar el aire de forma continua sin salir de la estancia. En condiciones naturales, la radiaci\u00f3n UV-C no llega a la Tierra porque es absorbida por la atm\u00f3sfera. Se obtienen gracias al uso de l\u00e1mparas especiales que emiten la longitud de haz adecuada.<\/p>\n<p>BENEFICIOS<\/p>\n<ul>\n<li>destruye eficazmente bacterias y virus<\/li>\n<li>tiene un dise\u00f1o limpio y es movible<\/li>\n<li>es energ\u00e9ticamente eficiente<\/li>\n<li>tiene filtro de carb\u00f3n activo<\/li>\n<li>aumenta la sensaci\u00f3n de seguridad<\/li>\n<li>equipado con l\u00e1mparas UV-C de la marca Philips<\/li>\n<\/ul>\n<p><span class=\"tlid-translation translation\" lang=\"es\"><span title=\"\">Pueden ver el video de demostraci\u00f3n de la esterilizaci\u00f3n por ultravioleta UV-C:<\/span><\/span><\/p>\n<figure id=\"attachment_242\" aria-describedby=\"caption-attachment-242\" style=\"width: 570px\" class=\"wp-caption alignnone\"><a href=\"https:\/\/globaliaproteccion.com\/video\/esterilizacion-coronavirus-ultravioleta-globalia-proteccion.mp4\" target=\"_blank\" rel=\"noopener noreferrer\"><img loading=\"lazy\" class=\"size-full wp-image-242\" src=\"https:\/\/globaliaproteccion.com\/tienda\/wp-content\/uploads\/2020\/11\/neutralizacion-coronavirus-camara-cerrada-ultravioleta.jpg\" alt=\"esterilizaci\u00f3n por ultravioleta UVC\" width=\"570\" height=\"379\" srcset=\"https:\/\/globaliaproteccion.com\/tienda\/wp-content\/uploads\/2020\/11\/neutralizacion-coronavirus-camara-cerrada-ultravioleta.jpg 570w, https:\/\/globaliaproteccion.com\/tienda\/wp-content\/uploads\/2020\/11\/neutralizacion-coronavirus-camara-cerrada-ultravioleta-300x199.jpg 300w, https:\/\/globaliaproteccion.com\/tienda\/wp-content\/uploads\/2020\/11\/neutralizacion-coronavirus-camara-cerrada-ultravioleta-416x277.jpg 416w\" sizes=\"(max-width: 570px) 100vw, 570px\" title=\"\"><\/a><figcaption id=\"caption-attachment-242\" class=\"wp-caption-text\">esterilizaci\u00f3n por ultravioleta UVC<\/figcaption><\/figure>\n<p>&nbsp;<\/p>\n<p>&nbsp;<\/p>\n","protected":false},"excerpt":{"rendered":"<p class=\"product_title entry-title\">Fabricado en EUROPA, garant\u00eda de 2 a\u00f1os.<\/p>\n<p class=\"product_title entry-title\"><span style=\"color: #ff0000;\">Con certificaci\u00f3n para usos en presencia de gente.<br \/>\n<\/span><\/p>\n","protected":false},"featured_media":275,"comment_status":"open","ping_status":"closed","template":"","meta":[],"_links":{"self":[{"href":"https:\/\/globaliaproteccion.com\/tienda\/wp-json\/wp\/v2\/product\/274"}],"collection":[{"href":"https:\/\/globaliaproteccion.com\/tienda\/wp-json\/wp\/v2\/product"}],"about":[{"href":"https:\/\/globaliaproteccion.com\/tienda\/wp-json\/wp\/v2\/types\/product"}],"replies":[{"embeddable":true,"href":"https:\/\/globaliaproteccion.com\/tienda\/wp-json\/wp\/v2\/comments?post=274"}],"wp:featuredmedia":[{"embeddable":true,"href":"https:\/\/globaliaproteccion.com\/tienda\/wp-json\/wp\/v2\/media\/275"}],"wp:attachment":[{"href":"https:\/\/globaliaproteccion.com\/tienda\/wp-json\/wp\/v2\/media?parent=274"}],"curies":[{"name":"wp","href":"https:\/\/api.w.org\/{rel}","templated":true}]}}