{"id":210,"date":"2020-11-08T14:03:40","date_gmt":"2020-11-08T13:03:40","guid":{"rendered":"https:\/\/globaliaproteccion.com\/tienda\/?post_type=product&#038;p=210"},"modified":"2024-03-11T01:32:36","modified_gmt":"2024-03-11T00:32:36","slug":"purificador-profesional-de-aire-filtro-hepa-h14-safe-air-300-para-80m2","status":"publish","type":"product","link":"https:\/\/globaliaproteccion.com\/tienda\/producto\/purificador-profesional-de-aire-filtro-hepa-h14-safe-air-300-para-80m2\/","title":{"rendered":"Purificador profesional de aire filtro HEPA H14 SAFE-AIR 300 para 80m2 CADR 2250m3\/h"},"content":{"rendered":"<h4>Espectacular purificador con aut\u00e9ntico y certificado filtro HEPA 14<\/h4>\n<p><span class=\"tlid-translation translation\" lang=\"es\"><span title=\"\"><span contenteditable=\"true\" data-novi-id=\"20\" data-x-text=\"true\" data-x-id=\"145\">Este aparato tiene un rendimiento excepcional y no tiene nada que ver con aparatos que se puden comprar en conocidos marketplace a bajo precio y con rendimeintos falseados.<\/span><br data-x-id=\"146\" \/><\/span><\/span><\/p>\n<p><span lang=\"es\"><span title=\"\"><span class=\"tlid-translation translation\" lang=\"es\">Fab<\/span>ricaci\u00f3n europea con los m\u00e1s altos est\u00e1ndares y rendimeinto certificado<\/span><\/span><span class=\"tlid-translation translation\" lang=\"es\"><span title=\"\"><br data-x-id=\"148\" \/>Estructura de acero pintada al polvo.<br data-x-id=\"149\" \/>Filtros con capacidad 10 veces superior a un purificador dom\u00e9stico, el filtro HEPA 14 tiene una superficie de filtrado de \u00a1 10 metros cuadrados !<br data-x-id=\"150\" \/>3-etapas de filtraci\u00f3n Pro-Life<\/span><\/span><\/p>\n<ul>\n<li><span class=\"tlid-translation translation\" lang=\"es\"><span title=\"\">HEPA<\/span><\/span><\/li>\n<li>mini PLEAT<\/li>\n<li>carb\u00f3n activo<\/li>\n<\/ul>\n<p><span class=\"tlid-translation translation\" lang=\"es\"><span title=\"\">Es capaz de renovar completamente una sala de 40 m2 totalmente contaminada cada 48 minutos.<br data-x-id=\"152\" \/>Pueden ver el video de demostraci\u00f3n:<\/span><\/span><\/p>\n<p><a href=\"https:\/\/globaliaproteccion.com\/video\/purificacion-de-aire-20-minutos-safe-air.mp4\" target=\"_blank\" rel=\"noopener noreferrer\"><img loading=\"lazy\" class=\"size-full wp-image-198\" src=\"https:\/\/globaliaproteccion.com\/tienda\/wp-content\/uploads\/2020\/11\/purificacion-de-aire-20-minutos-safe-air-video.jpg\" alt=\"Demostraci\u00f3n purificador HEPA 14\" width=\"300\" height=\"268\" title=\"\"><\/a><\/p>\n<p><span class=\"tlid-translation translation\" lang=\"es\"><span title=\"\">Cumple la norma PN-EN-ISO21083-1:201-0<br \/>\nSAFE AIR dispone de certificado oficial expedido por el Instituto Nacional de Salud P\u00fablica que acredita una eficiencia de filtrado incluso superior a la requerida para los filtros HEPA H14, alcanzando un incre\u00edble\u00a0 99,998% !!<br data-x-id=\"155\" \/><span contenteditable=\"true\" data-novi-id=\"18\" data-x-text=\"true\" data-x-id=\"156\">SAFE AIR est\u00e1 certificado para uso en lugares p\u00fablicos incluyendo zonas sanitarias cumpliendo todas las normas de seguridad.<br \/>\n<\/span><\/span><\/span><\/p>\n<p><img loading=\"lazy\" class=\" wp-image-202\" src=\"https:\/\/globaliaproteccion.com\/tienda\/wp-content\/uploads\/2020\/11\/purificadores-hepa-industriales-safeair-filtros-globalia-proteccion-300x237.jpg\" alt=\"Purificador HEPA 14 tres etapas de filtrado\" width=\"666\" height=\"526\" srcset=\"https:\/\/globaliaproteccion.com\/tienda\/wp-content\/uploads\/2020\/11\/purificadores-hepa-industriales-safeair-filtros-globalia-proteccion-300x237.jpg 300w, https:\/\/globaliaproteccion.com\/tienda\/wp-content\/uploads\/2020\/11\/purificadores-hepa-industriales-safeair-filtros-globalia-proteccion-1024x810.jpg 1024w, https:\/\/globaliaproteccion.com\/tienda\/wp-content\/uploads\/2020\/11\/purificadores-hepa-industriales-safeair-filtros-globalia-proteccion-768x607.jpg 768w, https:\/\/globaliaproteccion.com\/tienda\/wp-content\/uploads\/2020\/11\/purificadores-hepa-industriales-safeair-filtros-globalia-proteccion-416x329.jpg 416w, https:\/\/globaliaproteccion.com\/tienda\/wp-content\/uploads\/2020\/11\/purificadores-hepa-industriales-safeair-filtros-globalia-proteccion.jpg 1084w\" sizes=\"(max-width: 666px) 100vw, 666px\" title=\"\"><\/p>\n<p><span class=\"tlid-translation translation\" lang=\"es\"><span title=\"\">El purificador Safe-Air 300 es adecuado tamto para uso dom\u00e9stico como para uso profesional en comercios, oficinas,consultas m\u00e9dicas, peluquer\u00edas, aulas de los colegios etc. <\/span><\/span><\/p>\n<p><img loading=\"lazy\" class=\" wp-image-307\" src=\"https:\/\/globaliaproteccion.com\/tienda\/wp-content\/uploads\/2020\/11\/purificador-aire-h14-safe-air-300-globalia-proteccion-1.jpg\" alt=\"\" width=\"508\" height=\"460\" srcset=\"https:\/\/globaliaproteccion.com\/tienda\/wp-content\/uploads\/2020\/11\/purificador-aire-h14-safe-air-300-globalia-proteccion-1.jpg 885w, https:\/\/globaliaproteccion.com\/tienda\/wp-content\/uploads\/2020\/11\/purificador-aire-h14-safe-air-300-globalia-proteccion-1-300x272.jpg 300w, https:\/\/globaliaproteccion.com\/tienda\/wp-content\/uploads\/2020\/11\/purificador-aire-h14-safe-air-300-globalia-proteccion-1-768x696.jpg 768w, https:\/\/globaliaproteccion.com\/tienda\/wp-content\/uploads\/2020\/11\/purificador-aire-h14-safe-air-300-globalia-proteccion-1-416x377.jpg 416w\" sizes=\"(max-width: 508px) 100vw, 508px\" title=\"\"><\/p>\n<p><img loading=\"lazy\" class=\" wp-image-200\" src=\"https:\/\/globaliaproteccion.com\/tienda\/wp-content\/uploads\/2020\/11\/purificador-aire-hepa-h14-safe-air-globalia-proteccion-300x169.jpg\" alt=\"purificadores HEPA H14 safe air\" width=\"492\" height=\"277\" srcset=\"https:\/\/globaliaproteccion.com\/tienda\/wp-content\/uploads\/2020\/11\/purificador-aire-hepa-h14-safe-air-globalia-proteccion-300x169.jpg 300w, https:\/\/globaliaproteccion.com\/tienda\/wp-content\/uploads\/2020\/11\/purificador-aire-hepa-h14-safe-air-globalia-proteccion-1024x576.jpg 1024w, https:\/\/globaliaproteccion.com\/tienda\/wp-content\/uploads\/2020\/11\/purificador-aire-hepa-h14-safe-air-globalia-proteccion-768x432.jpg 768w, https:\/\/globaliaproteccion.com\/tienda\/wp-content\/uploads\/2020\/11\/purificador-aire-hepa-h14-safe-air-globalia-proteccion-416x234.jpg 416w, https:\/\/globaliaproteccion.com\/tienda\/wp-content\/uploads\/2020\/11\/purificador-aire-hepa-h14-safe-air-globalia-proteccion.jpg 1280w\" sizes=\"(max-width: 492px) 100vw, 492px\" title=\"\"><\/p>\n<p>Grandes purificadores de aire HEPA 14 de rendmiento excepcional<\/p>\n","protected":false},"excerpt":{"rendered":"<p class=\"product_title entry-title\">Fabricado en EUROPA, garant\u00eda de 2 a\u00f1os.<\/p>\n<p class=\"product_title entry-title\"><span style=\"color: #ff0000;\">Con certificaci\u00f3n para usos p\u00fablicos. FILTRO HEPA H14 con certificado de eficiencia.<br \/>\n<\/span><\/p>\n","protected":false},"featured_media":230,"comment_status":"open","ping_status":"closed","template":"","meta":[],"_links":{"self":[{"href":"https:\/\/globaliaproteccion.com\/tienda\/wp-json\/wp\/v2\/product\/210"}],"collection":[{"href":"https:\/\/globaliaproteccion.com\/tienda\/wp-json\/wp\/v2\/product"}],"about":[{"href":"https:\/\/globaliaproteccion.com\/tienda\/wp-json\/wp\/v2\/types\/product"}],"replies":[{"embeddable":true,"href":"https:\/\/globaliaproteccion.com\/tienda\/wp-json\/wp\/v2\/comments?post=210"}],"wp:featuredmedia":[{"embeddable":true,"href":"https:\/\/globaliaproteccion.com\/tienda\/wp-json\/wp\/v2\/media\/230"}],"wp:attachment":[{"href":"https:\/\/globaliaproteccion.com\/tienda\/wp-json\/wp\/v2\/media?parent=210"}],"curies":[{"name":"wp","href":"https:\/\/api.w.org\/{rel}","templated":true}]}}