{"id":137,"date":"2020-10-14T20:25:52","date_gmt":"2020-10-14T18:25:52","guid":{"rendered":"https:\/\/globaliaproteccion.com\/tienda\/?post_type=product&#038;p=137"},"modified":"2025-09-01T04:07:21","modified_gmt":"2025-09-01T02:07:21","slug":"sa500-u15-purificador-de-aire-avanzado-con-filtro-ulpa-y-luz-uv-ultravioleta-65m2","status":"publish","type":"product","link":"https:\/\/globaliaproteccion.com\/tienda\/producto\/sa500-u15-purificador-de-aire-avanzado-con-filtro-ulpa-y-luz-uv-ultravioleta-65m2\/","title":{"rendered":"SA500-U15 Purificador profesional de aire filtro HEPA \/ ULPA y luz ultravioleta. 65m2"},"content":{"rendered":"<p><span class=\"tlid-translation translation\" lang=\"es\"><span title=\"\">Profesional purificador de aire SAIR 500U15. E<\/span><\/span><span class=\"tlid-translation translation\" lang=\"es\"><span title=\"\">ficiente purificador de aire h\u00edbrido para aplicaciones profesionales, oficinas, comercios, centros educativos, centros deportivos etc. Equipado con 6 fases de filtraje:<\/span><\/span><\/p>\n<ol>\n<li><span class=\"tlid-translation translation\" lang=\"es\"><span class=\"\" title=\"\"><span title=\"\">Filtro PLASMA electrost\u00e1tico: filtro en forma de panal de aluminio de alta calidad, su capacidad de absorci\u00f3n de impurezas es de 5 a 8 veces mayor que la de un filtro de tecnolog\u00eda tradicional.<\/span> Filtro lavable y reutilizable.<\/span><\/span><\/li>\n<li><span class=\"tlid-translation translation\" lang=\"es\"><span title=\"\">Filtro ULPA (U15). E<span class=\"\" title=\"\">limina eficazmente las part\u00edculas PM10 y PM 2.5.<\/span> <span class=\"\" title=\"\">Eficiencia de purificaci\u00f3n hasta el 99,9995%\u00a0<\/span><\/span><\/span><\/li>\n<li>Filtro fotocatal\u00edtico. U<span class=\"tlid-translation translation\" lang=\"es\"><span class=\"\" title=\"\">tiliza di\u00f3xido de titanio (TiO2), que se oxida da\u00f1ando la membrana celular bacteriana e inhibe la actividad de los virus.<\/span><\/span><\/li>\n<li><span class=\"tlid-translation translation\" lang=\"es\"><span title=\"\">Filtro de carb\u00f3n. E<span class=\"\" title=\"\">liminar eficazmente los olores, el humo y el formaldeh\u00eddo.<\/span><\/span><\/span><\/li>\n<li><span class=\"tlid-translation translation\" lang=\"es\"><span class=\"\" title=\"\">L\u00e1mpara ultravioleta que esteriliza el aire mediante un generador de radiaci\u00f3n UV con una eficiencia superior al 96%.<\/span><\/span><\/li>\n<li><span class=\"tlid-translation translation\" lang=\"es\"><span class=\"\" title=\"\">Opci\u00f3n aniones<\/span><\/span><\/li>\n<\/ol>\n<p><span class=\"tlid-translation translation\" lang=\"es\"><span class=\"\" title=\"\">Este avanzado purificador tiene un efecto muy positivo sobre las personas que padecen asma y alergias, ya que los filtros eliminan micropart\u00edculas, virus, bacterias, los olores desagradables y compuestos org\u00e1nicos vol\u00e1tiles (TVOC, formaldeh\u00eddo).<\/span><\/span><\/p>\n<p><span class=\"tlid-translation translation\" lang=\"es\"><span class=\"\" title=\"\">Su filtro electrost\u00e1tico con estructura de panal le otorga una eficiencia hasta ocho veces mayor que los filtros electrost\u00e1ticos tradicionale<\/span><\/span><span class=\"tlid-translation translation\" lang=\"es\"><span class=\"\" title=\"\">s.<\/span><\/span><\/p>\n<p><span class=\"tlid-translation translation\" lang=\"es\"><span title=\"\">El filtro ULPA (clase de filtro &#8211; HEPA U15) alcanza una eficiencia de hasta el 99,9995%) &#8211; Filtro cl\u00ednico utilizado en quir\u00f3fanos, en la producci\u00f3n de medicamentos y sistemas electr\u00f3nicos y \u00f3pticos avanzados.<\/span> <span title=\"\">Muy eficaz contra bacterias, polvo radiactivo, humo de tabaco, humos y aerosoles.<\/span> <span class=\"\" title=\"\">Buen rendimiento para virus.<\/span><\/span><\/p>\n<p><img loading=\"lazy\" class=\" wp-image-138\" src=\"https:\/\/globaliaproteccion.com\/tienda\/wp-content\/uploads\/2020\/10\/purificador-de-aire-filtro-hepa-ulpa-uv-u15-sa500-datos-tecnico-globalia-proteccion-300x295.jpg\" alt=\"purificador-de-aire-filtro-hepa-ulpa-u15-sa500-datos-tecnico-globalia-proteccion\" width=\"493\" height=\"485\" srcset=\"https:\/\/globaliaproteccion.com\/tienda\/wp-content\/uploads\/2020\/10\/purificador-de-aire-filtro-hepa-ulpa-uv-u15-sa500-datos-tecnico-globalia-proteccion-300x295.jpg 300w, https:\/\/globaliaproteccion.com\/tienda\/wp-content\/uploads\/2020\/10\/purificador-de-aire-filtro-hepa-ulpa-uv-u15-sa500-datos-tecnico-globalia-proteccion-416x408.jpg 416w, https:\/\/globaliaproteccion.com\/tienda\/wp-content\/uploads\/2020\/10\/purificador-de-aire-filtro-hepa-ulpa-uv-u15-sa500-datos-tecnico-globalia-proteccion.jpg 710w\" sizes=\"(max-width: 493px) 100vw, 493px\" title=\"\"><\/p>\n<p>&nbsp;<\/p>\n","protected":false},"excerpt":{"rendered":"<p><span class=\"tlid-translation translation\" lang=\"es\">Tiempo de entrega: disponible.<\/span><br \/>\n<span class=\"tlid-translation translation\" lang=\"es\"><span title=\"\"><span class=\"\" title=\"\">Uno de los m\u00e1s avanzados y completos purificadores del mercado.<\/span><\/span><\/span><\/p>\n<p class=\"product_title entry-title\"><span style=\"color: #ff0000;\">Con 6 FILTROS y desinfecci\u00f3n con luz ultravioleta. Hasta 500 m<sup>3 <\/sup>\/ hora<\/span><\/p>\n","protected":false},"featured_media":139,"comment_status":"open","ping_status":"closed","template":"","meta":[],"_links":{"self":[{"href":"https:\/\/globaliaproteccion.com\/tienda\/wp-json\/wp\/v2\/product\/137"}],"collection":[{"href":"https:\/\/globaliaproteccion.com\/tienda\/wp-json\/wp\/v2\/product"}],"about":[{"href":"https:\/\/globaliaproteccion.com\/tienda\/wp-json\/wp\/v2\/types\/product"}],"replies":[{"embeddable":true,"href":"https:\/\/globaliaproteccion.com\/tienda\/wp-json\/wp\/v2\/comments?post=137"}],"wp:featuredmedia":[{"embeddable":true,"href":"https:\/\/globaliaproteccion.com\/tienda\/wp-json\/wp\/v2\/media\/139"}],"wp:attachment":[{"href":"https:\/\/globaliaproteccion.com\/tienda\/wp-json\/wp\/v2\/media?parent=137"}],"curies":[{"name":"wp","href":"https:\/\/api.w.org\/{rel}","templated":true}]}}