{"id":123,"date":"2020-10-14T20:04:19","date_gmt":"2020-10-14T18:04:19","guid":{"rendered":"https:\/\/globaliaproteccion.com\/tienda\/?post_type=product&#038;p=123"},"modified":"2020-10-22T11:23:58","modified_gmt":"2020-10-22T09:23:58","slug":"recambio-lampara-luz-ultravioleta-uv-para-purificador-de-aire-sa500-u15","status":"publish","type":"product","link":"https:\/\/globaliaproteccion.com\/tienda\/producto\/recambio-lampara-luz-ultravioleta-uv-para-purificador-de-aire-sa500-u15\/","title":{"rendered":"Recambio l\u00e1mpara luz ultravioleta UV para purificador de aire SA500-U15"},"content":{"rendered":"<p>La vida \u00fatil de la l\u00e1mpara es de aproximadamente 8.000 horas.<\/p>\n<p><span class=\"tlid-translation translation\" lang=\"es\"><span class=\"\" title=\"\">L\u00e1mpara ultravioleta UV esteriliza el aire con una eficiencia superior al 96%.<\/span><\/span><\/p>\n<p>Puede habilitar o deshabilitar esta funci\u00f3n desde el propio purificador de aire.<\/p>\n","protected":false},"excerpt":{"rendered":"<p>La vida \u00fatil de la l\u00e1mpara es de aproximadamente 8.000 horas. L\u00e1mpara ultravioleta UV esteriliza el aire con una eficiencia superior al 96%. Puede habilitar o deshabilitar esta funci\u00f3n desde el propio purificador de aire.<\/p>\n","protected":false},"featured_media":124,"comment_status":"open","ping_status":"closed","template":"","meta":[],"_links":{"self":[{"href":"https:\/\/globaliaproteccion.com\/tienda\/wp-json\/wp\/v2\/product\/123"}],"collection":[{"href":"https:\/\/globaliaproteccion.com\/tienda\/wp-json\/wp\/v2\/product"}],"about":[{"href":"https:\/\/globaliaproteccion.com\/tienda\/wp-json\/wp\/v2\/types\/product"}],"replies":[{"embeddable":true,"href":"https:\/\/globaliaproteccion.com\/tienda\/wp-json\/wp\/v2\/comments?post=123"}],"wp:featuredmedia":[{"embeddable":true,"href":"https:\/\/globaliaproteccion.com\/tienda\/wp-json\/wp\/v2\/media\/124"}],"wp:attachment":[{"href":"https:\/\/globaliaproteccion.com\/tienda\/wp-json\/wp\/v2\/media?parent=123"}],"curies":[{"name":"wp","href":"https:\/\/api.w.org\/{rel}","templated":true}]}}