{"id":101,"date":"2020-10-14T19:47:44","date_gmt":"2020-10-14T17:47:44","guid":{"rendered":"https:\/\/globaliaproteccion.com\/tienda\/?post_type=product&#038;p=101"},"modified":"2023-05-04T09:09:47","modified_gmt":"2023-05-04T07:09:47","slug":"oro-med-premium-hepa-h13-purificador-de-aire-con-filtro-hepa-50m2","status":"publish","type":"product","link":"https:\/\/globaliaproteccion.com\/tienda\/producto\/oro-med-premium-hepa-h13-purificador-de-aire-con-filtro-hepa-50m2\/","title":{"rendered":"Oro Med Premium HEPA H13. Purificador de aire con filtro HEPA. 50m2"},"content":{"rendered":"<p><span class=\"tlid-translation translation\" lang=\"es\"><span title=\"\">Purificador de aire OROMED Premium HEPA con filtraci\u00f3n multinivel y filtro HEPA H13<\/span><\/span><\/p>\n<p><span title=\"\">Eficiencia en la captura de part\u00edculas de 0,3 micrones. <\/span><span title=\"\">Tiene un efecto positivo sobre la salud.<\/span> <span title=\"\">La alta eficiencia garantiza una excelente calidad del aire interior. <\/span><span class=\"\" title=\"\">El purificador est\u00e1 dise\u00f1ado para un \u00e1rea que no exceda los 50 m2.<\/span><\/p>\n<p><span class=\"tlid-translation translation\" lang=\"es\"><span title=\"\">Gracias al innovador y avanzado sistema de filtraci\u00f3n de m\u00faltiples etapas, el OROMED Premium detiene hasta el 99,97% de los contaminantes del aire, incluidos: al\u00e9rgenos, polen, polvo, VOC (compuestos org\u00e1nicos vol\u00e1tiles), polvo en suspensi\u00f3n (PM 2.5; PM10) y malos olores<\/span><span title=\"\">.<\/span> <span class=\"\" title=\"\">El ionizador incorporado hace de este purificador un dispositivo excelente para conseguir aire limpio, fresco y bienestar.<\/span><\/span><\/p>\n<p><span class=\"tlid-translation translation\" lang=\"es\"><span title=\"\">Purificador de aire OROMED Premium H13. E<\/span><\/span><span class=\"tlid-translation translation\" lang=\"es\"><span title=\"\">ficiente purificador de aire h\u00edbrido para aplicaciones tanto dom\u00e9sticas como profesionales, oficinas, comercios, centros educativos, centros deportivos etc. Equipado con 4 fases de filtraje:<\/span><\/span><\/p>\n<ol>\n<li><span class=\"tlid-translation translation\" lang=\"es\"><span title=\"\">Filtro HEPA H13. E<span class=\"\" title=\"\">limina eficazmente las part\u00edculas PM10 y PM 2.5.<\/span> <span class=\"\" title=\"\">Eficiencia de purificaci\u00f3n hasta el 99,97%\u00a0<\/span><\/span><\/span><\/li>\n<li><span class=\"tlid-translation translation\" lang=\"es\"><span title=\"\">Filtro 2 en 1 de carb\u00f3n y NANO catalizador. E<span class=\"\" title=\"\">liminar eficazmente los olores, el humo y el formaldeh\u00eddo.<\/span><\/span><\/span><\/li>\n<li><span class=\"tlid-translation translation\" lang=\"es\"><span class=\"\" title=\"\">Opci\u00f3n aniones<span class=\"a-list-item\"><span class=\"a-size-base\">.<\/span><\/span><\/span><\/span><\/li>\n<\/ol>\n<p><span class=\"tlid-translation translation\" lang=\"es\"><strong>Medidor de calidad del aire<\/strong><br \/>\nEl dispositivo tiene un medidor de calidad del aire, gracias al cual ajusta autom\u00e1ticamente el modo de funcionamiento a las condiciones de la sala.<\/span><\/p>\n<p><span class=\"tlid-translation translation\" lang=\"es\"><span title=\"\">Color azul &#8211; aire de buena calidad<\/span><br \/>\n<span title=\"\">Azul marino &#8211; aire moderadamente contaminado<\/span><br \/>\n<span title=\"\">Color morado: aire muy contaminado<\/span><br \/>\n<span class=\"\" title=\"\">Color rojo &#8211; aire muy contaminado<\/span><\/span><\/p>\n<p><span class=\"tlid-translation translation\" lang=\"es\"><strong>Ionizaci\u00f3n<\/strong><br \/>\nEl ionizador libera electrones en el aire que fluye, que se combinan con part\u00edculas para formar aniones que luego se adhieren al polvo, la suciedad, el humo del cigarrillo y los al\u00e9rgenos para formar part\u00edculas m\u00e1s grandes que finalmente son atrapadas por el filtro con carga positiva. La ionizaci\u00f3n del aire permite eliminar aromas desagradables, bacterias, virus, mohos, esporas de hongos y al\u00e9rgenos.<br \/>\n<\/span><\/p>\n<p><span class=\"tlid-translation translation\" lang=\"es\"><strong>Filtro HEPA H13<\/strong><br \/>\nFiltro de aire de alto rendimiento para desinfecci\u00f3n. Fabricado en vidrio sinterizado, proporciona filtraci\u00f3n de aire a trav\u00e9s de poros de 0,3 \u00b5m.<br \/>\nRetiene al menos el 99,97% de las impurezas mayores de 0,3 \u00b5m, as\u00ed como: c\u00e9lulas de hongos, protozoos y bacterias y la mayor\u00eda de virus.<\/span><\/p>\n<p><img loading=\"lazy\" class=\" wp-image-102\" src=\"https:\/\/globaliaproteccion.com\/tienda\/wp-content\/uploads\/2020\/10\/purificador-de-aire-premium-hepa-h13-datos-tecnicos-globalia-proteccion-300x295.jpg\" alt=\"purificador-de-aire-premium-hepa-h13-datos-tecnicos-globalia-proteccion\" width=\"496\" height=\"488\" srcset=\"https:\/\/globaliaproteccion.com\/tienda\/wp-content\/uploads\/2020\/10\/purificador-de-aire-premium-hepa-h13-datos-tecnicos-globalia-proteccion-300x295.jpg 300w, https:\/\/globaliaproteccion.com\/tienda\/wp-content\/uploads\/2020\/10\/purificador-de-aire-premium-hepa-h13-datos-tecnicos-globalia-proteccion-416x408.jpg 416w, https:\/\/globaliaproteccion.com\/tienda\/wp-content\/uploads\/2020\/10\/purificador-de-aire-premium-hepa-h13-datos-tecnicos-globalia-proteccion.jpg 710w\" sizes=\"(max-width: 496px) 100vw, 496px\" title=\"\"><\/p>\n<p>&nbsp;<\/p>\n","protected":false},"excerpt":{"rendered":"<p class=\"product_title entry-title\">Gran purificador con mando a distancia<\/p>\n<p class=\"product_title entry-title\"><span style=\"color: #ff0000;\">Con 4\u00a0 pasos de filtraci\u00f3n. Hasta 480 m<sup>3 <\/sup>\/ hora<\/span><\/p>\n","protected":false},"featured_media":103,"comment_status":"open","ping_status":"closed","template":"","meta":[],"_links":{"self":[{"href":"https:\/\/globaliaproteccion.com\/tienda\/wp-json\/wp\/v2\/product\/101"}],"collection":[{"href":"https:\/\/globaliaproteccion.com\/tienda\/wp-json\/wp\/v2\/product"}],"about":[{"href":"https:\/\/globaliaproteccion.com\/tienda\/wp-json\/wp\/v2\/types\/product"}],"replies":[{"embeddable":true,"href":"https:\/\/globaliaproteccion.com\/tienda\/wp-json\/wp\/v2\/comments?post=101"}],"wp:featuredmedia":[{"embeddable":true,"href":"https:\/\/globaliaproteccion.com\/tienda\/wp-json\/wp\/v2\/media\/103"}],"wp:attachment":[{"href":"https:\/\/globaliaproteccion.com\/tienda\/wp-json\/wp\/v2\/media?parent=101"}],"curies":[{"name":"wp","href":"https:\/\/api.w.org\/{rel}","templated":true}]}}