{"id":3,"date":"2020-10-14T12:12:11","date_gmt":"2020-10-14T12:12:11","guid":{"rendered":"https:\/\/globaliaproteccion.com\/tienda\/?page_id=3"},"modified":"2020-10-15T10:12:24","modified_gmt":"2020-10-15T08:12:24","slug":"privacy-policy","status":"publish","type":"page","link":"https:\/\/globaliaproteccion.com\/tienda\/privacy-policy\/","title":{"rendered":"RGPD"},"content":{"rendered":"\n<h2>Quienes somos<\/h2>\n\n\n\n<p>La direcci\u00f3n de nuestra tienda online es: https:\/\/globaliaproteccion.com\/tienda.<\/p>\n\n\n\n<h2>Comentarios<\/h2>\n\n\n\n<p>Cuando los visitantes dejan comentarios en el sitio, recopilamos los datos que se muestran en el formulario de comentarios, y tambi\u00e9n la direcci\u00f3n IP del visitante y la cadena del agente de usuario del navegador para ayudar a la detecci\u00f3n de spam.<\/p>\n\n\n\n<p><\/p>\n\n\n\n<h2>Pol\u00edtica de Cookies<\/h2>\n\n\n\n<p>En globaliaproteccion.com utilizamos cookies con el objetivo de hacer m\u00e1s \u00fatil la navegaci\u00f3n de los usuarios en nuestra p\u00e1gina web. En este sentido, y con el objetivo de garantizar al usuario toda la informaci\u00f3n necesaria para su correcta navegaci\u00f3n, ponemos a su disposici\u00f3n la siguiente informaci\u00f3n:<br>1. QU\u00c9 SON LAS COOKIES<br>Actualmente, todas las p\u00e1ginas web, independientemente del servicio que presten, utilizan cookies, es decir, guardan una informaci\u00f3n m\u00ednima sobre la navegaci\u00f3n realizada por el usuario en la p\u00e1gina web. Una cookie puede definirse como un peque\u00f1o archivo de texto que se descarga en el equipo o terminal del usuario cuando navega por las p\u00e1ginas web, con la finalidad de almacenar datos que podr\u00e1n ser actualizados y recuperados por la entidad responsable de su instalaci\u00f3n.<br>2. TIPOS DE COOKIES EMPLEADAS POR globaliaproteccion.com<br>Estrictamente necesarias: Son cookies siempre activas, imprescindibles para el funcionamiento b\u00e1sico de la web, permiten recordar el comportamiento del usuario al navegar por la web en una misma sesi\u00f3n o, si se solicita, de sesi\u00f3n a sesi\u00f3n. Facilitan al usuario la utilizaci\u00f3n de herramientas tales como identificar la sesi\u00f3n, acceder a partes de acceso restringido, realizar el proceso de compra de un pedido, entre otras. Sin estas cookies, las funciones mencionadas quedar\u00edan inhabilitadas. Funcionales y de rendimiento: Estas cookies de an\u00e1lisis nos permiten mejorar la funcionalidad de la web al hacer un seguimiento an\u00f3nimo del uso. Ayudan a identificar los productos que podr\u00edamos recomendar al usuario, identifican la ubicaci\u00f3n geogr\u00e1fica, el idioma, etc. En algunos casos, estas cookies mejoran la velocidad con la que podemos procesar las solicitudes, e incluso nos permiten recordar las preferencias que el usuario selecciona. El objetivo de este tipo de cookies es la prestaci\u00f3n de un servicio m\u00e1s personalizado. De an\u00e1lisis: Google Analytics es una herramienta gratuita de an\u00e1lisis web de Google que principalmente permite a Madrid Sur conocer c\u00f3mo interact\u00faan los usuarios con su sitio web. Asimismo, habilita cookies en el dominio del sitio en el que se encuentra el usuario y utiliza un conjunto de cookies denominadas \u00ab__utma\u00bb y \u00ab__utmz\u00bb para recopilar informaci\u00f3n de forma an\u00f3nima y elaborar informes de tendencias de sitios web sin identificar a usuarios individuales.<br>3. ACEPTACI\u00d3N DE COOKIES DE globaliaproteccion.com<br>La Web de globaliaproteccion.com, al inicio de la navegaci\u00f3n, lanza un mensaje en el que se expresa que si el cliente contin\u00faa con la navegaci\u00f3n por la p\u00e1gina est\u00e1 aceptando el uso de cookies por parte de globaliaproteccion.com. Una vez aceptadas las cookies, globaliaproteccion.com, a trav\u00e9s de una herramienta de comportamiento de usuario puede recabar informaci\u00f3n relativa a la navegaci\u00f3n del cliente a fin de usarla para mejorar su experiencia de compra.<br>4. \u00bfC\u00d3MO DESHABILITAR LAS COOKIES?<br>El usuario tiene la posibilidad de deshabilitar las cookies, lo que podr\u00eda empeorar el funcionamiento \u00f3ptimo de la p\u00e1gina web. No obstante, para el funcionamiento b\u00e1sico de la web el navegador precisa recoger determinada informaci\u00f3n, incluso en el caso de haber deshabilitado todas las cookies del sitio web. En funci\u00f3n del navegador empleado por el usuario los pasos para la configuraci\u00f3n de las cookies son diferentes, facilitamos a continuaci\u00f3n los enlaces de los navegadores m\u00e1s comunes:<br>Google Chrome<a target=\"_blank\" href=\"https:\/\/support.google.com\/chrome\/answer\/95647?hl=es\" rel=\"noreferrer noopener\">https:\/\/support.google.com\/chrome\/answer\/95647?hl=es<\/a><br>Mozilla Firefox<a target=\"_blank\" href=\"https:\/\/support.mozilla.org\/es\/kb\/habilitar-y-deshabilitar-cookies-sitios-web-rastrear-preferencias?redirectlocale=es&amp;redirectslug=habilitar-y-deshabilitar-cookies-que-los-sitios-we\" rel=\"noreferrer noopener\">https:\/\/support.mozilla.org\/es\/kb\/habilitar-y-deshabilitar-cookies-sitios-web-rastrear-preferencias?redirectlocale=es&amp;redirectslug=habilitar-y-deshabilitar-cookies-que-los-sitios-we<\/a><br>Internet Explorer<a target=\"_blank\" href=\"https:\/\/support.microsoft.com\/es-es\/help\/17442\/windows-internet-explorer-delete-manage-cookies\" rel=\"noreferrer noopener\">https:\/\/support.microsoft.com\/es-es\/help\/17442\/windows-internet-explorer-delete-manage-cookies<\/a><br>Safari <a target=\"_blank\" href=\"https:\/\/support.apple.com\/es-es\/HT201265\" rel=\"noreferrer noopener\">https:\/\/support.apple.com\/es-es\/HT201265<\/a><br>Chrome para Android<a target=\"_blank\" href=\"https:\/\/help.opera.com\/Windows\/11.50\/es-ES\/cookies.html\" rel=\"noreferrer noopener\">https:\/\/support.google.com\/chrome\/answer\/114662?hl=es&amp;visit_id=1-636408137714562511-4216156083&amp;rd=1&amp;co=GENIE.Platform%3DAndroid&amp;oco=1<br>Opera\u2122&nbsp;https:\/\/help.opera.com\/Windows\/11.50\/es-ES\/cookies.html<br><\/a><\/p>\n\n\n\n<h2>Aviso Legal<\/h2>\n\n\n\n<p>globaliaproteccion.com es un dominio en Internet titularidad de Garclos Inversiones SL en adelante la EMPRESA.<br>1. LEGISLACI\u00d3N<br>Con car\u00e1cter general las relaciones entre la EMPRESA con los Usuarios de los servicios presentes en este sitio web se encuentran sometidas a la legislaci\u00f3n y jurisdicci\u00f3n espa\u00f1olas.<br>2. USO Y ACCESO DE USUARIOS<br>Usuario queda informado y acepta que el acceso a la presente web no supone, en modo alguno, el inicio de una relaci\u00f3n comercial con la EMPRESA. El usuario se compromete a utilizar la p\u00e1gina web de conformidad con la ley, el presente Aviso Legal y las exigencias de la buena fe, empleando la diligencia adecuada a la naturaleza del servicio del que disfruta, sin incurrir en actividades que puedan ser consideradas il\u00edcitas o ilegales, que infrinjan los derechos de la EMPRESA o de terceros, o que puedan da\u00f1ar, inutilizar, sobrecargar o deteriorar el servicio o impedir la normal utilizaci\u00f3n del mismo. En concreto y con car\u00e1cter meramente enunciativo, el usuario deber\u00e1 abstenerse de: * Realizar cualquier conducta que implique la violaci\u00f3n de los derechos de terceros (derecho a la intimidad y a la propia imagen, derechos de propiedad intelectual e industrial, etc.). \u2022 Reproducir, copiar, distribuir, poner a disposici\u00f3n, comunicar p\u00fablicamente, transformar o modificar los contenidos de la p\u00e1gina salvo en aqu\u00e9llos casos en autorizados por la ley o expresamente consentidos por la EMPRESA o por el tercero que, en su caso, ostente los derechos de explotaci\u00f3n sobre los mismos. \u2022 Reproducir o copiar para uso privado los contenidos que merezcan la consideraci\u00f3n de software o Bases de Datos de conformidad con la legislaci\u00f3n vigente, as\u00ed como comunicarlos p\u00fablicamente o ponerlos a disposici\u00f3n de terceros. \u2022 Utilizar los contenidos de la p\u00e1gina web para cualquier tipo de actividad publicitaria o promocional y, en particular, para el env\u00edo de correos electr\u00f3nicos no solicitados (spam) o comunicaci\u00f3n similar. \u2022 Introducir virus inform\u00e1ticos, archivos defectuosos, o cualquier otro software o programa inform\u00e1tico que pueda provocar da\u00f1os o alteraciones no autorizadas de los contenidos o sistemas accesibles a trav\u00e9s de la p\u00e1gina web. \u2022 Destruir, alterar, inutilizar o da\u00f1ar los datos, informaciones, programas o documentos electr\u00f3nicos de la EMPRESA o de terceros.<br>3.&nbsp;PROPIEDAD INTELECTUAL E INDUSTRIAL<br>La informaci\u00f3n que aparece en esta p\u00e1gina web es la vigente en la fecha de su \u00faltima actualizaci\u00f3n. La EMPRESA se reserva el derecho a actualizar, modificar o eliminar unilateralmente y sin previo aviso dicha informaci\u00f3n. Todos los contenidos que se muestran en la p\u00e1gina (textos, gr\u00e1ficos, fotograf\u00edas, logos, dise\u00f1os, c\u00f3digos fuente, contenidos audiovisuales o sonoros, etc.) est\u00e1n sujetos a derechos de propiedad intelectual y\/o industrial de los que es titular la EMPRESA o terceros que han autorizado su inclusi\u00f3n en la p\u00e1gina. Cualquier explotaci\u00f3n de todo o parte del contenido de la p\u00e1gina, efectuado de cualquier forma o por cualquier medio, electr\u00f3nico, mec\u00e1nico u otro, est\u00e1n estrictamente prohibidos. La infracci\u00f3n de estos derechos puede dar lugar a la iniciaci\u00f3n de procedimientos judiciales, civiles o penales. No se podr\u00e1 establecer ning\u00fan v\u00ednculo a esta p\u00e1gina web sin el previo y expreso consentimiento de la EMPRESA.<br>4.&nbsp;RESPONSABILIDAD DE LA EMPRESA<br>La EMPRESA no ser\u00e1 responsable de los posibles da\u00f1os o perjuicios que se pudieran derivar de interferencias omisiones, interrupciones, virus inform\u00e1ticos, aver\u00edas telef\u00f3nicas o desconexiones en el funcionamiento operativo de este sistema electr\u00f3nico, motivadas por causas ajenas a la empresa, de retrasos o bloqueos en el uso del presente sistema electr\u00f3nico causados por deficiencias o sobrecargas de l\u00edneas telef\u00f3nicas, sobrecargas en el sistema de Internet o en otros sistemas electr\u00f3nicos. La EMPRESA no garantiza la veracidad ni se responsabiliza de las consecuencias que pudieran derivarse de los errores en los contenidos proporcionados por terceros que pudieran aparecer en esta p\u00e1gina web. La EMPRESA no asume responsabilidad alguna por la informaci\u00f3n contenida en p\u00e1ginas web de terceros a las que se pueda acceder por \u201clinks\u201d o enlaces desde cualquier p\u00e1gina web propiedad de la EMPRESA. La presencia de \u201clinks\u201d o enlaces en las p\u00e1ginas web de la EMPRESA tiene finalidad meramente informativa y en ning\u00fan caso supone sugerencia, invitaci\u00f3n o recomendaci\u00f3n sobre los mismos. Por ello, tanto el presente Aviso como la Pol\u00edtica de Privacidad solo son de aplicaci\u00f3n a la p\u00e1gina web de la EMPRESA y no se garantiza en los accesos a trav\u00e9s de enlaces con este sitio, ni a los enlaces desde este sitio con otras webs.<br>5.&nbsp;LEGISLACI\u00d3N APLICABLE<br>El presente Aviso Legal se rige en todos y cada uno de sus extremos por la legislaci\u00f3n espa\u00f1ola.<\/p>\n\n\n\n<h2>Aviso de Privacidad<\/h2>\n\n\n\n<p>1.&nbsp;\u00bfQui\u00e9n es el Responsable del tratamiento de sus datos?<br>Raz\u00f3n social: Garclos Inversiones SL CIF: B61333621 Direcci\u00f3n: PS Amunt, 7 08024 Barcelona Tel\u00e9fono: 659444713 Email: globalia@globaliaproteccion.com<br>2.&nbsp;\u00bfCon qu\u00e9 finalidad tratamos sus datos personales?<br>En Garclos Inversiones Sl tratamos la siguiente informaci\u00f3n y con las siguientes finalidades: CONTACTO Gestionar las solicitudes recibidas v\u00eda web. CONTACTO PROFESIONALES Gestionar las solicitudes recibidas para la resoluci\u00f3n de dudas o recibir informaci\u00f3n.<br>3.&nbsp;\u00bfPor cu\u00e1nto tiempo conservaremos sus datos?<br>CONTACTO: se destruir\u00e1n una vez gestionada la solicitud.<br>CONTACTO PROFESIONALES: se destruir\u00e1n una vez gestionada la solicitud.<br>3.&nbsp;\u00bfCu\u00e1l es la legitimaci\u00f3n para el tratamiento de sus datos?<br>CONTACTO: consentimiento del interesado al enviar el formulario.<br>CONTACTO PROFESIONALES: consentimiento del interesado al enviar el formulario.<br>4.&nbsp;\u00bfA qu\u00e9 destinatarios se comunicar\u00e1n sus datos?<br>No se comunicar\u00e1n datos.<br>5.&nbsp;\u00bfCu\u00e1les son sus derechos cuando nos facilita sus datos?<br>Cualquier persona tiene derecho a obtener confirmaci\u00f3n sobre si en Garclos Inversiones SL estamos tratando datos personales que les conciernan o no. Las personas interesadas tienen derecho a si acceder a sus datos personales, as\u00ed como a solicitar la rectificaci\u00f3n de los datos inexactos o, en su caso, solicitar su supresi\u00f3n cuando, entre otros motivos, los datos ya no sean necesarios para los fines que fueron recogidos. En determinadas circunstancias, los interesados podr\u00e1n solicitar la limitaci\u00f3n del tratamiento de sus datos, en cuyo caso \u00fanicamente los conservaremos para el ejercicio o la defensa de reclamaciones. En determinadas circunstancias y por motivos relacionados con su situaci\u00f3n particular, los interesados podr\u00e1n oponerse al tratamiento de sus datos. Garclos Inversiones SL dejar\u00e1 de tratar los datos, salvo por motivos leg\u00edtimos imperiosos o el ejercicio o la defensa de posibles reclamaciones. El interesado tiene derecho a presentar una reclamaci\u00f3n ante la Autoridad de control (agpd.es) si considera que el tratamiento no se ajusta a la normativa vigente. Datos de contacto para ejercer sus derechos: Garclos Inversiones SL o a trav\u00e9s de correo electr\u00f3nico a globalia@globaliaproteccion.com, junto con prueba v\u00e1lida en derecho, como fotocopia del D.N.I. e indicando en el asunto \u201cPROTECCI\u00d3N DE DATOS\u201d.<br>6.&nbsp;\u00bfC\u00f3mo hemos obtenido sus datos?<br>Los datos personales que tratamos en Garclos Inversiones SL han sido facilitados por el propio interesado o por las empresas para las que el interesado trabaja. El interesado que env\u00eda la informaci\u00f3n a Garclos Inversiones SL garantiza y responde, en cualquier caso, de la exactitud, vigencia y autenticidad de los datos personales facilitados y se comprometen a mantenerlos debidamente actualizados, exoner\u00e1ndose la EMPRESA de cualquier responsabilidad al respecto. El usuario acepta proporcionar informaci\u00f3n completa y correcta en los formularios de registro. Asimismo, Garclos Inversiones SL no responde de la veracidad de las informaciones que no sean de elaboraci\u00f3n propia y de las que se indique otra fuente, por lo que tampoco asume responsabilidad alguna en cuanto a hipot\u00e9ticos perjuicios que pudieran originarse por el uso de dicha informaci\u00f3n.<br>7.&nbsp;Uso com\u00fan con redes sociales<br>Si el afectado opta por acceder a los Servicios a trav\u00e9s de su cuenta en las redes sociales (es decir, Facebook, YouTube, Instagram o Twitter) o hace clic en uno de los botones de conexi\u00f3n o v\u00ednculos de las redes sociales (por ejemplo, el bot\u00f3n \u201cMe gusta\u201d de Facebook, o el bot\u00f3n \u201c+\u201d de Google) que est\u00e1n disponibles en los Servicios, su contenido y su informaci\u00f3n personal ser\u00e1n compartidos con las correspondientes redes sociales. El afectado es consciente de, y acepta, que el uso de su informaci\u00f3n personal, incluida la informaci\u00f3n que comparta con las redes sociales a trav\u00e9s de los Servicios, por parte de las redes sociales, se rige por sus respectivas pol\u00edticas de privacidad. Si no desea que las redes sociales recopilen su informaci\u00f3n, examine la pol\u00edtica de privacidad de la correspondiente red social y\/o descon\u00e9ctese de la misma antes de utilizar nuestros Servicios.<br>8.&nbsp;Menores<br>Los menores de 13 a\u00f1os no podr\u00e1n registrarse, salvo con la autorizaci\u00f3n de sus padres y\/o tutores legales.<br>9.&nbsp;Cambios en la Pol\u00edtica de Privacidad<br>Garclos Inversiones SL se reserva el derecho a modificar la presente pol\u00edtica para adaptarla a novedades legislativas o jurisprudenciales. En dichos supuestos Garclos Inversiones SL anunciar\u00e1 en esta p\u00e1gina los cambios introducidos con razonable antelaci\u00f3n a su puesta en pr\u00e1ctica.<\/p>\n","protected":false},"excerpt":{"rendered":"<p>Quienes somos La direcci\u00f3n de nuestra tienda online es: https:\/\/globaliaproteccion.com\/tienda. Comentarios Cuando los visitantes dejan comentarios en el sitio, recopilamos los datos que se muestran en el formulario de comentarios, y tambi\u00e9n la direcci\u00f3n IP del visitante y la cadena del agente de usuario del navegador para ayudar a la detecci\u00f3n de spam. Pol\u00edtica de [&hellip;]<\/p>\n","protected":false},"author":1,"featured_media":0,"parent":0,"menu_order":0,"comment_status":"closed","ping_status":"open","template":"","meta":[],"_links":{"self":[{"href":"https:\/\/globaliaproteccion.com\/tienda\/wp-json\/wp\/v2\/pages\/3"}],"collection":[{"href":"https:\/\/globaliaproteccion.com\/tienda\/wp-json\/wp\/v2\/pages"}],"about":[{"href":"https:\/\/globaliaproteccion.com\/tienda\/wp-json\/wp\/v2\/types\/page"}],"author":[{"embeddable":true,"href":"https:\/\/globaliaproteccion.com\/tienda\/wp-json\/wp\/v2\/users\/1"}],"replies":[{"embeddable":true,"href":"https:\/\/globaliaproteccion.com\/tienda\/wp-json\/wp\/v2\/comments?post=3"}],"version-history":[{"count":2,"href":"https:\/\/globaliaproteccion.com\/tienda\/wp-json\/wp\/v2\/pages\/3\/revisions"}],"predecessor-version":[{"id":151,"href":"https:\/\/globaliaproteccion.com\/tienda\/wp-json\/wp\/v2\/pages\/3\/revisions\/151"}],"wp:attachment":[{"href":"https:\/\/globaliaproteccion.com\/tienda\/wp-json\/wp\/v2\/media?parent=3"}],"curies":[{"name":"wp","href":"https:\/\/api.w.org\/{rel}","templated":true}]}}